{"id":19356,"date":"2021-09-21T12:42:07","date_gmt":"2021-09-21T10:42:07","guid":{"rendered":"http:\/\/combo-mg.de\/?page_id=19356"},"modified":"2021-09-21T12:43:02","modified_gmt":"2021-09-21T10:43:02","slug":"elektroinstallationen","status":"publish","type":"page","link":"http:\/\/combo-mg.de\/index.php\/elektroinstallationen\/","title":{"rendered":"Elektroinstallationen"},"content":{"rendered":"\t\t<div data-elementor-type=\"wp-page\" data-elementor-id=\"19356\" class=\"elementor elementor-19356\">\n\t\t\t\t\t\t<section class=\"elementor-section elementor-top-section elementor-element elementor-element-3a1fa89 elementor-section-boxed elementor-section-height-default elementor-section-height-default\" data-id=\"3a1fa89\" data-element_type=\"section\" data-e-type=\"section\">\n\t\t\t\t\t\t<div class=\"elementor-container elementor-column-gap-default\">\n\t\t\t\t\t<div class=\"elementor-column elementor-col-100 elementor-top-column elementor-element elementor-element-7ec247b\" data-id=\"7ec247b\" data-element_type=\"column\" data-e-type=\"column\">\n\t\t\t<div class=\"elementor-widget-wrap elementor-element-populated\">\n\t\t\t\t\t\t<div class=\"elementor-element elementor-element-f84244f elementor-widget elementor-widget-text-editor\" data-id=\"f84244f\" data-element_type=\"widget\" data-e-type=\"widget\" data-widget_type=\"text-editor.default\">\n\t\t\t\t<div class=\"elementor-widget-container\">\n\t\t\t\t\t\t\t\t\t<p>Algemeine Elektroinstallationen<\/p><p>Wir planen, erweitern, modernisieren oder warten Elektroinstallationen aller Art!<\/p><p>Dabei legen wir auf Komfort und Qualit\u00e4t ebenso Wert wie auf Ihre Sicherheit. Kommen Sie mit Ihren Ideen und Herausforderungen zu uns, denn wir bieten Ihnen solide, zeitgem\u00e4\u00dfe L\u00f6sungen f\u00fcr einen st\u00f6rungsfreien Betrieb.<br \/>Manchmal sind es nur ein Details\u2026 \u2013 in vielen F\u00e4llen l\u00e4sst sich durch die Erg\u00e4nzung bestehender Anlagen ein gro\u00dfer Schritt in Sachen Komfort, Design oder Energieeffizienz realisieren. Zu wenige Steckdosen beispielsweise k\u00f6nnen nicht nur ein optisches Problem sein. Wer mehrere Steckdosenleisten hintereinander schaltet, riskiert damit auch einen Verlust der Sicherheit. Wir installieren neue Steckdosen in ausreichender Anzahl!<\/p><p>Der Raum ist frisch gestrichen, die neuen M\u00f6bel sind da \u2013 nur die Schalter sehen einfach immer noch unmodern aus? Viele Schaltersysteme lassen sich problemlos und mit minimalem Aufwand austauschen \u2013 nat\u00fcrlich in den Designs und Farben Ihrer Wahl!<br \/>Eine zus\u00e4tzliche Steckdose wird ben\u00f6tigt, aber es sollen keine W\u00e4nde besch\u00e4digt werden? Hier helfen Sockelleistenkan\u00e4le, die anstatt der Fu\u00dfbodenleiste in verschiedenen Farben formsch\u00f6n an die Farben der Wohnr\u00e4ume angepasst werden k\u00f6nnen.Setzen Sie mit einfachen Mitteln wirkungsvolle Highlights: Wir unterst\u00fctzen Sie dabei!<\/p><p>Komplette Elektroinstallation Alt-\/Neubau<br \/>Antennen-, Kabel- und SAT-Anlagen<br \/>elektrische Fu\u00dfbodenheizung, Marmorheizung<br \/>EIB \/ KNX Bussystem \/ Visualisierung<br \/>Schaltschrank- und Verteilungsbau<br \/>Photovoltaik<br \/>Erdungsanlagen und Blitzschutzanlagen<br \/>Sprech- und Videoanlagen<\/p>\t\t\t\t\t\t\t\t<\/div>\n\t\t\t\t<\/div>\n\t\t\t\t\t<\/div>\n\t\t<\/div>\n\t\t\t\t\t<\/div>\n\t\t<\/section>\n\t\t\t\t<section class=\"elementor-section elementor-top-section elementor-element elementor-element-97a71e7 elementor-section-boxed elementor-section-height-default elementor-section-height-default\" data-id=\"97a71e7\" data-element_type=\"section\" data-e-type=\"section\">\n\t\t\t\t\t\t<div class=\"elementor-container elementor-column-gap-default\">\n\t\t\t\t\t<div class=\"elementor-column elementor-col-50 elementor-top-column elementor-element elementor-element-1fd12b2\" data-id=\"1fd12b2\" data-element_type=\"column\" data-e-type=\"column\">\n\t\t\t<div class=\"elementor-widget-wrap elementor-element-populated\">\n\t\t\t\t\t\t<div class=\"elementor-element elementor-element-ffdef1a elementor-widget elementor-widget-image\" data-id=\"ffdef1a\" data-element_type=\"widget\" data-e-type=\"widget\" data-widget_type=\"image.default\">\n\t\t\t\t<div class=\"elementor-widget-container\">\n\t\t\t\t\t\t\t\t\t\t\t\t\t\t\t<img fetchpriority=\"high\" decoding=\"async\" width=\"800\" height=\"500\" src=\"http:\/\/combo-mg.de\/wp-content\/uploads\/2021\/09\/1a.jpg\" class=\"attachment-large size-large wp-image-19358\" alt=\"\" srcset=\"http:\/\/combo-mg.de\/wp-content\/uploads\/2021\/09\/1a.jpg 800w, http:\/\/combo-mg.de\/wp-content\/uploads\/2021\/09\/1a-300x188.jpg 300w, http:\/\/combo-mg.de\/wp-content\/uploads\/2021\/09\/1a-768x480.jpg 768w, http:\/\/combo-mg.de\/wp-content\/uploads\/2021\/09\/1a-525x328.jpg 525w\" sizes=\"(max-width: 800px) 100vw, 800px\" \/>\t\t\t\t\t\t\t\t\t\t\t\t\t\t\t<\/div>\n\t\t\t\t<\/div>\n\t\t\t\t\t<\/div>\n\t\t<\/div>\n\t\t\t\t<div class=\"elementor-column elementor-col-50 elementor-top-column elementor-element elementor-element-493a3c2\" data-id=\"493a3c2\" data-element_type=\"column\" data-e-type=\"column\">\n\t\t\t<div class=\"elementor-widget-wrap elementor-element-populated\">\n\t\t\t\t\t\t<div class=\"elementor-element elementor-element-f87107d elementor-widget elementor-widget-image\" data-id=\"f87107d\" data-element_type=\"widget\" data-e-type=\"widget\" data-widget_type=\"image.default\">\n\t\t\t\t<div class=\"elementor-widget-container\">\n\t\t\t\t\t\t\t\t\t\t\t\t\t\t\t<img decoding=\"async\" width=\"800\" height=\"500\" src=\"http:\/\/combo-mg.de\/wp-content\/uploads\/2021\/09\/2a.jpg\" class=\"attachment-large size-large wp-image-19359\" alt=\"\" srcset=\"http:\/\/combo-mg.de\/wp-content\/uploads\/2021\/09\/2a.jpg 800w, http:\/\/combo-mg.de\/wp-content\/uploads\/2021\/09\/2a-300x188.jpg 300w, http:\/\/combo-mg.de\/wp-content\/uploads\/2021\/09\/2a-768x480.jpg 768w, http:\/\/combo-mg.de\/wp-content\/uploads\/2021\/09\/2a-525x328.jpg 525w\" sizes=\"(max-width: 800px) 100vw, 800px\" \/>\t\t\t\t\t\t\t\t\t\t\t\t\t\t\t<\/div>\n\t\t\t\t<\/div>\n\t\t\t\t\t<\/div>\n\t\t<\/div>\n\t\t\t\t\t<\/div>\n\t\t<\/section>\n\t\t\t\t<\/div>\n\t\t","protected":false},"excerpt":{"rendered":"<p>Algemeine Elektroinstallationen Wir planen, erweitern, modernisieren oder warten Elektroinstallationen aller Art! Dabei legen wir auf Komfort und Qualit\u00e4t ebenso Wert wie auf Ihre Sicherheit. Kommen Sie mit Ihren Ideen und Herausforderungen zu uns, denn wir bieten Ihnen solide, zeitgem\u00e4\u00dfe L\u00f6sungen f\u00fcr einen st\u00f6rungsfreien Betrieb.Manchmal sind es nur ein Details\u2026 \u2013 in vielen F\u00e4llen l\u00e4sst sich durch die Erg\u00e4nzung bestehender Anlagen ein gro\u00dfer Schritt in &#8230;<\/p>\n","protected":false},"author":1,"featured_media":0,"parent":0,"menu_order":0,"comment_status":"closed","ping_status":"closed","template":"","meta":{"footnotes":""},"class_list":["post-19356","page","type-page","status-publish","hentry"],"_links":{"self":[{"href":"http:\/\/combo-mg.de\/index.php\/wp-json\/wp\/v2\/pages\/19356","targetHints":{"allow":["GET"]}}],"collection":[{"href":"http:\/\/combo-mg.de\/index.php\/wp-json\/wp\/v2\/pages"}],"about":[{"href":"http:\/\/combo-mg.de\/index.php\/wp-json\/wp\/v2\/types\/page"}],"author":[{"embeddable":true,"href":"http:\/\/combo-mg.de\/index.php\/wp-json\/wp\/v2\/users\/1"}],"replies":[{"embeddable":true,"href":"http:\/\/combo-mg.de\/index.php\/wp-json\/wp\/v2\/comments?post=19356"}],"version-history":[{"count":4,"href":"http:\/\/combo-mg.de\/index.php\/wp-json\/wp\/v2\/pages\/19356\/revisions"}],"predecessor-version":[{"id":19362,"href":"http:\/\/combo-mg.de\/index.php\/wp-json\/wp\/v2\/pages\/19356\/revisions\/19362"}],"wp:attachment":[{"href":"http:\/\/combo-mg.de\/index.php\/wp-json\/wp\/v2\/media?parent=19356"}],"curies":[{"name":"wp","href":"https:\/\/api.w.org\/{rel}","templated":true}]}}