{"id":19274,"date":"2021-09-21T12:03:49","date_gmt":"2021-09-21T10:03:49","guid":{"rendered":"http:\/\/combo-mg.de\/?page_id=19274"},"modified":"2021-09-21T12:05:02","modified_gmt":"2021-09-21T10:05:02","slug":"gewerbeanlagen","status":"publish","type":"page","link":"https:\/\/combo-mg.de\/index.php\/gewerbeanlagen\/","title":{"rendered":"Gewerbeanlagen"},"content":{"rendered":"\t\t<div data-elementor-type=\"wp-page\" data-elementor-id=\"19274\" class=\"elementor elementor-19274\">\n\t\t\t\t\t\t<section class=\"elementor-section elementor-top-section elementor-element elementor-element-e98a66d elementor-section-boxed elementor-section-height-default elementor-section-height-default\" data-id=\"e98a66d\" data-element_type=\"section\" data-e-type=\"section\">\n\t\t\t\t\t\t<div class=\"elementor-container elementor-column-gap-default\">\n\t\t\t\t\t<div class=\"elementor-column elementor-col-100 elementor-top-column elementor-element elementor-element-8cb789f\" data-id=\"8cb789f\" data-element_type=\"column\" data-e-type=\"column\">\n\t\t\t<div class=\"elementor-widget-wrap elementor-element-populated\">\n\t\t\t\t\t\t<div class=\"elementor-element elementor-element-3df989c elementor-widget elementor-widget-text-editor\" data-id=\"3df989c\" data-element_type=\"widget\" data-e-type=\"widget\" data-widget_type=\"text-editor.default\">\n\t\t\t\t<div class=\"elementor-widget-container\">\n\t\t\t\t\t\t\t\t\t<p><a href=\"https:\/\/combo-mg.de\/wp-content\/uploads\/2021\/09\/1.jpg\"><img fetchpriority=\"high\" decoding=\"async\" class=\"size-medium wp-image-19206 alignleft\" src=\"https:\/\/combo-mg.de\/wp-content\/uploads\/2021\/09\/1-175x300.jpg\" alt=\"\" width=\"175\" height=\"300\" srcset=\"https:\/\/combo-mg.de\/wp-content\/uploads\/2021\/09\/1-175x300.jpg 175w, https:\/\/combo-mg.de\/wp-content\/uploads\/2021\/09\/1.jpg 350w\" sizes=\"(max-width: 175px) 100vw, 175px\" \/><\/a>Wir decken viele Bereiche der Industrie und Gewerbetechnik ab.<\/p><p>Bei uns erhalten Sie die L\u00f6sungen, die optimal auf die Bed\u00fcrfnisse in Ihrem Unternehmen abgestimmt sind.<\/p><p>Wir planen f\u00fcr Sie bedarfsgerecht, effizient, sicher, zukunftorientiert und komfortabel. Und das zu fairen Preisen<\/p><p>Sprechen Sie mit uns!<br \/>Wir freuen uns auf Sie.<\/p>\t\t\t\t\t\t\t\t<\/div>\n\t\t\t\t<\/div>\n\t\t\t\t\t<\/div>\n\t\t<\/div>\n\t\t\t\t\t<\/div>\n\t\t<\/section>\n\t\t\t\t<\/div>\n\t\t","protected":false},"excerpt":{"rendered":"<p>Wir decken viele Bereiche der Industrie und Gewerbetechnik ab. Bei uns erhalten Sie die L\u00f6sungen, die optimal auf die Bed\u00fcrfnisse in Ihrem Unternehmen abgestimmt sind. Wir planen f\u00fcr Sie bedarfsgerecht, effizient, sicher, zukunftorientiert und komfortabel. Und das zu fairen Preisen Sprechen Sie mit uns! Wir freuen uns auf Sie.<\/p>\n","protected":false},"author":1,"featured_media":0,"parent":0,"menu_order":0,"comment_status":"closed","ping_status":"open","template":"","meta":{"footnotes":""},"class_list":["post-19274","page","type-page","status-publish","hentry"],"_links":{"self":[{"href":"https:\/\/combo-mg.de\/index.php\/wp-json\/wp\/v2\/pages\/19274","targetHints":{"allow":["GET"]}}],"collection":[{"href":"https:\/\/combo-mg.de\/index.php\/wp-json\/wp\/v2\/pages"}],"about":[{"href":"https:\/\/combo-mg.de\/index.php\/wp-json\/wp\/v2\/types\/page"}],"author":[{"embeddable":true,"href":"https:\/\/combo-mg.de\/index.php\/wp-json\/wp\/v2\/users\/1"}],"replies":[{"embeddable":true,"href":"https:\/\/combo-mg.de\/index.php\/wp-json\/wp\/v2\/comments?post=19274"}],"version-history":[{"count":5,"href":"https:\/\/combo-mg.de\/index.php\/wp-json\/wp\/v2\/pages\/19274\/revisions"}],"predecessor-version":[{"id":19279,"href":"https:\/\/combo-mg.de\/index.php\/wp-json\/wp\/v2\/pages\/19274\/revisions\/19279"}],"wp:attachment":[{"href":"https:\/\/combo-mg.de\/index.php\/wp-json\/wp\/v2\/media?parent=19274"}],"curies":[{"name":"wp","href":"https:\/\/api.w.org\/{rel}","templated":true}]}}