{"id":19301,"date":"2021-09-21T12:10:26","date_gmt":"2021-09-21T10:10:26","guid":{"rendered":"http:\/\/combo-mg.de\/?page_id=19301"},"modified":"2021-09-21T12:10:53","modified_gmt":"2021-09-21T10:10:53","slug":"planung-beratung","status":"publish","type":"page","link":"https:\/\/combo-mg.de\/index.php\/planung-beratung\/","title":{"rendered":"Planung &#038; Beratung"},"content":{"rendered":"\t\t<div data-elementor-type=\"wp-page\" data-elementor-id=\"19301\" class=\"elementor elementor-19301\">\n\t\t\t\t\t\t<section class=\"elementor-section elementor-top-section elementor-element elementor-element-f6cd405 elementor-section-boxed elementor-section-height-default elementor-section-height-default\" data-id=\"f6cd405\" data-element_type=\"section\" data-e-type=\"section\">\n\t\t\t\t\t\t<div class=\"elementor-container elementor-column-gap-default\">\n\t\t\t\t\t<div class=\"elementor-column elementor-col-100 elementor-top-column elementor-element elementor-element-3f0abb2\" data-id=\"3f0abb2\" data-element_type=\"column\" data-e-type=\"column\">\n\t\t\t<div class=\"elementor-widget-wrap elementor-element-populated\">\n\t\t\t\t\t\t<div class=\"elementor-element elementor-element-98febe9 elementor-widget elementor-widget-text-editor\" data-id=\"98febe9\" data-element_type=\"widget\" data-e-type=\"widget\" data-widget_type=\"text-editor.default\">\n\t\t\t\t<div class=\"elementor-widget-container\">\n\t\t\t\t\t\t\t\t\t<p><a href=\"https:\/\/combo-mg.de\/wp-content\/uploads\/2021\/09\/4.jpg\"><img fetchpriority=\"high\" decoding=\"async\" class=\"size-medium wp-image-19213 alignleft\" src=\"https:\/\/combo-mg.de\/wp-content\/uploads\/2021\/09\/4-175x300.jpg\" alt=\"\" width=\"175\" height=\"300\" srcset=\"https:\/\/combo-mg.de\/wp-content\/uploads\/2021\/09\/4-175x300.jpg 175w, https:\/\/combo-mg.de\/wp-content\/uploads\/2021\/09\/4.jpg 350w\" sizes=\"(max-width: 175px) 100vw, 175px\" \/><\/a>F\u00fcr Ihre Bauvorhaben bieten wir Ihnen eine individuelle und unverbindliche Beratung und Planung, in die wir unsere Erfahrung und Ideen mit einbringen.<\/p><p>Durch unsere unser langj\u00e4hriges Know How k\u00f6nnen wir das Optimum f\u00fcr Sie erreichen. F\u00fcr Beratungsgespr\u00e4che nehmen wir uns gerne Zeit. Beratungstermine sind nach vorheriger Terminabsprache auch au\u00dferhalb unserer Gesch\u00e4ftszeiten m\u00f6glich.<\/p><p>Selbsverst\u00e4ndlich arbeiten wir auch mit anderen Gewerken \u201eHand-in Hand\u201c um einen reibungslosen Baufortschritt zu gew\u00e4hrleisten.<\/p><p>F\u00fcr den Fall, dass Sie keine Kontakte zu Maurern, Fliesenlegern, Fensterbauern, Tischler, K\u00fcchenbauer usw. haben, bieten wir Ihnen gerne die Zusammenarbeit mit einem unserer regionalen Partnerunternehmen an.<\/p><p>Sprechen Sie mit uns!<br \/>Wir freuen uns auf Sie.<\/p>\t\t\t\t\t\t\t\t<\/div>\n\t\t\t\t<\/div>\n\t\t\t\t\t<\/div>\n\t\t<\/div>\n\t\t\t\t\t<\/div>\n\t\t<\/section>\n\t\t\t\t<\/div>\n\t\t","protected":false},"excerpt":{"rendered":"<p>F\u00fcr Ihre Bauvorhaben bieten wir Ihnen eine individuelle und unverbindliche Beratung und Planung, in die wir unsere Erfahrung und Ideen mit einbringen. Durch unsere unser langj\u00e4hriges Know How k\u00f6nnen wir das Optimum f\u00fcr Sie erreichen. F\u00fcr Beratungsgespr\u00e4che nehmen wir uns gerne Zeit. Beratungstermine sind nach vorheriger Terminabsprache auch au\u00dferhalb unserer Gesch\u00e4ftszeiten m\u00f6glich. Selbsverst\u00e4ndlich arbeiten wir auch mit anderen Gewerken \u201eHand-in Hand\u201c um einen reibungslosen &#8230;<\/p>\n","protected":false},"author":1,"featured_media":0,"parent":0,"menu_order":0,"comment_status":"closed","ping_status":"open","template":"","meta":{"footnotes":""},"class_list":["post-19301","page","type-page","status-publish","hentry"],"_links":{"self":[{"href":"https:\/\/combo-mg.de\/index.php\/wp-json\/wp\/v2\/pages\/19301","targetHints":{"allow":["GET"]}}],"collection":[{"href":"https:\/\/combo-mg.de\/index.php\/wp-json\/wp\/v2\/pages"}],"about":[{"href":"https:\/\/combo-mg.de\/index.php\/wp-json\/wp\/v2\/types\/page"}],"author":[{"embeddable":true,"href":"https:\/\/combo-mg.de\/index.php\/wp-json\/wp\/v2\/users\/1"}],"replies":[{"embeddable":true,"href":"https:\/\/combo-mg.de\/index.php\/wp-json\/wp\/v2\/comments?post=19301"}],"version-history":[{"count":4,"href":"https:\/\/combo-mg.de\/index.php\/wp-json\/wp\/v2\/pages\/19301\/revisions"}],"predecessor-version":[{"id":19306,"href":"https:\/\/combo-mg.de\/index.php\/wp-json\/wp\/v2\/pages\/19301\/revisions\/19306"}],"wp:attachment":[{"href":"https:\/\/combo-mg.de\/index.php\/wp-json\/wp\/v2\/media?parent=19301"}],"curies":[{"name":"wp","href":"https:\/\/api.w.org\/{rel}","templated":true}]}}